{"id":60,"date":"2015-04-15T10:57:41","date_gmt":"2015-04-15T10:57:41","guid":{"rendered":"http:\/\/welfare.cmsmasters.net\/?page_id=60"},"modified":"2021-01-21T09:54:31","modified_gmt":"2021-01-21T09:54:31","slug":"como-contactar-con-nosotros","status":"publish","type":"page","link":"https:\/\/microbelifehydro.es\/pt\/como-contactar-con-nosotros\/","title":{"rendered":"Contacto"},"content":{"rendered":"<div id=\"cmsmasters_row_pf43vz0wzm\" class=\"cmsmasters_row cmsmasters_color_scheme_default cmsmasters_row_top_default cmsmasters_row_bot_default cmsmasters_row_boxed\">\n<div class=\"cmsmasters_row_outer_parent\">\n<div class=\"cmsmasters_row_outer\">\n<div class=\"cmsmasters_row_inner\">\n<div class=\"cmsmasters_row_margin\">\n<div id=\"cmsmasters_column_y9cb91jpf\" class=\"cmsmasters_column one_first\">\n<div class=\"cmsmasters_column_inner\"><div id=\"cmsmasters_heading_ldqox9s83\" class=\"cmsmasters_heading_wrap cmsmasters_heading_align_center\">\n\t<h2 class=\"cmsmasters_heading\">Como voc\u00ea pode entrar em contato com Microbe Life Hydroponics EUROPA<\/h2>\n<\/div><div class=\"cmsmasters_text\">\n<p style=\"text-align: justify;\">Se voc\u00ea est\u00e1 interessado\/a em adquirir algum de nossos produtos mas n\u00e3o encontra um <a href=\"http:\/\/microbelifehydro.es\/pt\/retailers-donde-comprar-nuestros-productos\/\">DISTRIBUIDOR<\/a> em sua \u00e1rea de resid\u00eancia, se gostaria de fazer parte de nossa rede de profissionais de marketing dos principais produtos para crescimento de plantas do mercado, ou se tiver duvidas sobre como ele funciona e caracter\u00edsticas de alguns deles, aqui mostramos como entrar em contato com a  MICROBE LIFE HYDROPONICS EUROPA.<\/p>\n<p>Voc\u00ea pode usar qualquer um dos meios detalhados abaixo ou preencher e enviar o formul\u00e1rio de contato na parte inferior desta p\u00e1gina. Teremos o maior prazer em ajud\u00e1-lo. Obrigado!<\/p>\n<p>Os produtos da MICROBE LIFE HYDROPONICS EUROPA tem o selo de qualidade da<a href=\"https:\/\/microbelifehydro.com\/\" target=\"_blank\" rel=\"noopener noreferrer\"> Ecological Laboratories Inc.<\/a><\/p>\n<\/div>\n<\/div><\/div>\n<\/div>\n<\/div>\n<\/div>\n<\/div>\n<\/div>\n<div id=\"cmsmasters_row_iz0w6hebfw\" class=\"cmsmasters_row cmsmasters_color_scheme_first cmsmasters_row_top_default cmsmasters_row_bot_default cmsmasters_row_fullwidth\">\n<div class=\"cmsmasters_row_outer_parent\">\n<div class=\"cmsmasters_row_outer\">\n<div class=\"cmsmasters_row_inner cmsmasters_row_fullwidth cmsmasters_row_no_margin\">\n<div class=\"cmsmasters_row_margin\">\n<div id=\"cmsmasters_column_861a5gyexh\" class=\"cmsmasters_column one_half\">\n<div class=\"cmsmasters_column_inner\"><div id=\"cmsmasters_fb_3c58ed6m7j\" class=\"cmsmasters_featured_block\">\n<div class=\"featured_block_inner\">\n<div class=\"featured_block_text\"><\/div>\n<\/div>\n<\/div>\n<\/div><\/div>\n<div id=\"cmsmasters_column_zwjn3ie6t\" class=\"cmsmasters_column one_half\">\n<div class=\"cmsmasters_column_inner\"><div id=\"cmsmasters_heading_5g6cyd42ee\" class=\"cmsmasters_heading_wrap cmsmasters_heading_align_left\">\n\t<h3 class=\"cmsmasters_heading\">Onde estamos<\/h3>\n<\/div><ul id=\"cmsmasters_icon_list_items_kfaioew4up\" class=\"cmsmasters_icon_list_items cmsmasters_icon_list_type_list\" data-animation=\"fadeIn\" data-delay=\"300\"><li id=\"cmsmasters_icon_list_item_4olug84ae\" class=\"cmsmasters_icon_list_item cmsmasters-icon-home-1\"> Calle Camino real, 112, Vilches, 23220 , Jaen<\/li><li id=\"cmsmasters_icon_list_item_dj9fbjnd9\" class=\"cmsmasters_icon_list_item cmsmasters-icon-mobile\">+34 953 631 198<\/li><li id=\"cmsmasters_icon_list_item_aojqm17iq\" class=\"cmsmasters_icon_list_item cmsmasters-icon-mail\"><a href=\"mailto:info@microbelifehydro.es\">info@microbelifehydro.es<\/a><\/li><li id=\"cmsmasters_icon_list_item_c0wj39ssfy\" class=\"cmsmasters_icon_list_item cmsmasters-icon-facebook-1\"><a href=\"https:\/\/www.facebook.com\/pg\/microbelifehydroponicsES\">Facebook<\/a><\/li><li id=\"cmsmasters_icon_list_item_zshkjsgug5\" class=\"cmsmasters_icon_list_item cmsmasters-icon-tumblr-1\"><a href=\"https:\/\/twitter.com\/MicrobeLifeES\">Twitter<\/a><\/li><li id=\"cmsmasters_icon_list_item_aie9cn4s4\" class=\"cmsmasters_icon_list_item cmsmasters-icon-custom-instagram\"><a href=\"https:\/\/www.instagram.com\/microbelifehydroes\/\">Instagram<\/a><\/li><\/ul>\n<\/div><\/div>\n<\/div>\n<\/div>\n<\/div>\n<\/div>\n<\/div>\n<div id=\"cmsmasters_row_r5y5ola428\" class=\"cmsmasters_row cmsmasters_color_scheme_default cmsmasters_row_top_default cmsmasters_row_bot_default cmsmasters_row_boxed\">\n<div class=\"cmsmasters_row_outer_parent\">\n<div class=\"cmsmasters_row_outer\">\n<div class=\"cmsmasters_row_inner\">\n<div class=\"cmsmasters_row_margin\">\n<div id=\"cmsmasters_column_5zl0xuvxjk\" class=\"cmsmasters_column one_first\">\n<div class=\"cmsmasters_column_inner\"><div id=\"cmsmasters_heading_ty6xrb9ein\" class=\"cmsmasters_heading_wrap cmsmasters_heading_align_left\">\n\t<h2 class=\"cmsmasters_heading\">Envia-nos sua pergunta<\/h2>\n<\/div>\n<div class=\"cmsmasters_contact_form\">\n<div class=\"wpcf7 no-js\" id=\"wpcf7-f11-o1\" lang=\"es-ES\" dir=\"ltr\">\n<div class=\"screen-reader-response\"><p role=\"status\" aria-live=\"polite\" aria-atomic=\"true\"><\/p> <ul><\/ul><\/div>\n<form action=\"\/pt\/wp-json\/wp\/v2\/pages\/60#wpcf7-f11-o1\" method=\"post\" class=\"wpcf7-form init\" aria-label=\"Formulario de contacto\" novalidate=\"novalidate\" data-status=\"init\" data-trp-original-action=\"\/pt\/wp-json\/wp\/v2\/pages\/60#wpcf7-f11-o1\">\n<div style=\"display: none;\">\n<input type=\"hidden\" name=\"_wpcf7\" value=\"11\" \/>\n<input type=\"hidden\" name=\"_wpcf7_version\" value=\"5.7.6\" \/>\n<input type=\"hidden\" name=\"_wpcf7_locale\" value=\"es_ES\" \/>\n<input type=\"hidden\" name=\"_wpcf7_unit_tag\" value=\"wpcf7-f11-o1\" \/>\n<input type=\"hidden\" name=\"_wpcf7_container_post\" value=\"0\" \/>\n<input type=\"hidden\" name=\"_wpcf7_posted_data_hash\" value=\"\" \/>\n<\/div>\n<p><label> Nome (campo obrigat\u00f3rio)<br \/>\n<span class=\"wpcf7-form-control-wrap\" data-name=\"your-name\"><input size=\"40\" class=\"wpcf7-form-control wpcf7-text wpcf7-validates-as-required\" aria-required=\"true\" aria-invalid=\"false\" value=\"\" type=\"text\" name=\"your-name\" \/><\/span> <\/label>\n<\/p>\n<p><label> Email (campo obrigat\u00f3rio)<br \/>\n<span class=\"wpcf7-form-control-wrap\" data-name=\"your-email\"><input size=\"40\" class=\"wpcf7-form-control wpcf7-text wpcf7-email wpcf7-validates-as-required wpcf7-validates-as-email\" aria-required=\"true\" aria-invalid=\"false\" value=\"\" type=\"email\" name=\"your-email\" \/><\/span> <\/label>\n<\/p>\n<p><label> Assunto<br \/>\n<span class=\"wpcf7-form-control-wrap\" data-name=\"your-subject\"><input size=\"40\" class=\"wpcf7-form-control wpcf7-text\" aria-invalid=\"false\" value=\"\" type=\"text\" name=\"your-subject\" \/><\/span> <\/label>\n<\/p>\n<p><label> Mensagem<br \/>\n<span class=\"wpcf7-form-control-wrap\" data-name=\"your-message\"><textarea cols=\"40\" rows=\"10\" class=\"wpcf7-form-control wpcf7-textarea\" aria-invalid=\"false\" name=\"your-message\"><\/textarea><\/span> <\/label>\n<\/p>\n<p><span class=\"wpcf7-form-control-wrap\" data-name=\"acceptance-610\"><span class=\"wpcf7-form-control wpcf7-acceptance\"><span class=\"wpcf7-list-item\"><label><input type=\"checkbox\" name=\"acceptance-610\" value=\"1\" aria-invalid=\"false\" \/><span class=\"wpcf7-list-item-label\">Aceito os TERMOS DE USO E PRIVACIDADE do site<\/span><\/label><\/span><\/span><\/span>\n<\/p>\n<p><input class=\"wpcf7-form-control has-spinner wpcf7-submit\" type=\"submit\" value=\"Enviar\" \/>\n<\/p><div class=\"wpcf7-response-output\" aria-hidden=\"true\"><\/div>\n<input type=\"hidden\" name=\"trp-form-language\" value=\"pt\"\/><\/form>\n<\/div>\n<\/div>\n<\/div><\/div>\n<\/div>\n<\/div>\n<\/div>\n<\/div>\n<\/div>","protected":false},"excerpt":{"rendered":"","protected":false},"author":1,"featured_media":0,"parent":0,"menu_order":0,"comment_status":"closed","ping_status":"closed","template":"","meta":[],"yoast_head":"<!-- This site is optimized with the Yoast SEO plugin v20.6 - https:\/\/yoast.com\/wordpress\/plugins\/seo\/ -->\n<title>C\u00f3mo contactar con nosotros - Microbe Life Hydroponics EUROPA<\/title>\n<meta name=\"description\" content=\"C\u00f3mo contactar con MICROBE LIFE HYDROPONICS EUROPA, si est\u00e1s interesado\/a en un producto y no encuentras distribuidor, o si quieres trabajar con nosotros.\" \/>\n<meta name=\"robots\" content=\"index, follow, max-snippet:-1, max-image-preview:large, max-video-preview:-1\" \/>\n<link rel=\"canonical\" href=\"https:\/\/microbelifehydro.es\/pt\/como-contactar-con-nosotros\/\" \/>\n<meta property=\"og:locale\" content=\"pt_PT\" \/>\n<meta property=\"og:type\" content=\"article\" \/>\n<meta property=\"og:title\" content=\"C\u00f3mo contactar con nosotros - Microbe Life Hydroponics EUROPA\" \/>\n<meta property=\"og:description\" content=\"C\u00f3mo contactar con MICROBE LIFE HYDROPONICS EUROPA, si est\u00e1s interesado\/a en un producto y no encuentras distribuidor, o si quieres trabajar con nosotros.\" \/>\n<meta property=\"og:url\" content=\"https:\/\/microbelifehydro.es\/pt\/como-contactar-con-nosotros\/\" \/>\n<meta property=\"og:site_name\" content=\"Microbe Life Hydroponics\" \/>\n<meta property=\"article:modified_time\" content=\"2021-01-21T09:54:31+00:00\" \/>\n<meta name=\"twitter:card\" content=\"summary_large_image\" \/>\n<meta name=\"twitter:label1\" content=\"Tempo estimado de leitura\" \/>\n\t<meta name=\"twitter:data1\" content=\"2 minutos\" \/>\n<script type=\"application\/ld+json\" class=\"yoast-schema-graph\">{\"@context\":\"https:\/\/schema.org\",\"@graph\":[{\"@type\":\"WebPage\",\"@id\":\"https:\/\/microbelifehydro.es\/pt\/como-contactar-con-nosotros\/\",\"url\":\"https:\/\/microbelifehydro.es\/pt\/como-contactar-con-nosotros\/\",\"name\":\"C\u00f3mo contactar con nosotros - Microbe Life Hydroponics EUROPA\",\"isPartOf\":{\"@id\":\"https:\/\/microbelifehydro.es\/#website\"},\"datePublished\":\"2015-04-15T10:57:41+00:00\",\"dateModified\":\"2021-01-21T09:54:31+00:00\",\"description\":\"C\u00f3mo contactar con MICROBE LIFE HYDROPONICS EUROPA, si est\u00e1s interesado\/a en un producto y no encuentras distribuidor, o si quieres trabajar con nosotros.\",\"breadcrumb\":{\"@id\":\"https:\/\/microbelifehydro.es\/pt\/como-contactar-con-nosotros\/#breadcrumb\"},\"inLanguage\":\"pt-PT\",\"potentialAction\":[{\"@type\":\"ReadAction\",\"target\":[\"https:\/\/microbelifehydro.es\/pt\/como-contactar-con-nosotros\/\"]}]},{\"@type\":\"BreadcrumbList\",\"@id\":\"https:\/\/microbelifehydro.es\/pt\/como-contactar-con-nosotros\/#breadcrumb\",\"itemListElement\":[{\"@type\":\"ListItem\",\"position\":1,\"name\":\"Home\",\"item\":\"https:\/\/microbelifehydro.es\/\"},{\"@type\":\"ListItem\",\"position\":2,\"name\":\"Contacto\"}]},{\"@type\":\"WebSite\",\"@id\":\"https:\/\/microbelifehydro.es\/#website\",\"url\":\"https:\/\/microbelifehydro.es\/\",\"name\":\"Microbe Life Hydroponics\",\"description\":\"Tecnolog\u00eda innovadora de crecimiento vegetal\",\"publisher\":{\"@id\":\"https:\/\/microbelifehydro.es\/#organization\"},\"potentialAction\":[{\"@type\":\"SearchAction\",\"target\":{\"@type\":\"EntryPoint\",\"urlTemplate\":\"https:\/\/microbelifehydro.es\/?s={search_term_string}\"},\"query-input\":\"required name=search_term_string\"}],\"inLanguage\":\"pt-PT\"},{\"@type\":\"Organization\",\"@id\":\"https:\/\/microbelifehydro.es\/#organization\",\"name\":\"Microbe Life Hydroponics - Espa\u00f1a\",\"url\":\"https:\/\/microbelifehydro.es\/\",\"logo\":{\"@type\":\"ImageObject\",\"inLanguage\":\"pt-PT\",\"@id\":\"https:\/\/microbelifehydro.es\/#\/schema\/logo\/image\/\",\"url\":\"http:\/\/microbelifehydro.es\/wp-content\/uploads\/2020\/05\/logo-hidro.png\",\"contentUrl\":\"http:\/\/microbelifehydro.es\/wp-content\/uploads\/2020\/05\/logo-hidro.png\",\"width\":214,\"height\":150,\"caption\":\"Microbe Life Hydroponics - Espa\u00f1a\"},\"image\":{\"@id\":\"https:\/\/microbelifehydro.es\/#\/schema\/logo\/image\/\"}}]}<\/script>\n<!-- \/ Yoast SEO plugin. -->","yoast_head_json":{"title":"C\u00f3mo contactar con nosotros - Microbe Life Hydroponics EUROPA","description":"C\u00f3mo contactar con MICROBE LIFE HYDROPONICS EUROPA, si est\u00e1s interesado\/a en un producto y no encuentras distribuidor, o si quieres trabajar con nosotros.","robots":{"index":"index","follow":"follow","max-snippet":"max-snippet:-1","max-image-preview":"max-image-preview:large","max-video-preview":"max-video-preview:-1"},"canonical":"https:\/\/microbelifehydro.es\/pt\/como-contactar-con-nosotros\/","og_locale":"pt_PT","og_type":"article","og_title":"C\u00f3mo contactar con nosotros - Microbe Life Hydroponics EUROPA","og_description":"C\u00f3mo contactar con MICROBE LIFE HYDROPONICS EUROPA, si est\u00e1s interesado\/a en un producto y no encuentras distribuidor, o si quieres trabajar con nosotros.","og_url":"https:\/\/microbelifehydro.es\/pt\/como-contactar-con-nosotros\/","og_site_name":"Microbe Life Hydroponics","article_modified_time":"2021-01-21T09:54:31+00:00","twitter_card":"summary_large_image","twitter_misc":{"Tempo estimado de leitura":"2 minutos"},"schema":{"@context":"https:\/\/schema.org","@graph":[{"@type":"WebPage","@id":"https:\/\/microbelifehydro.es\/pt\/como-contactar-con-nosotros\/","url":"https:\/\/microbelifehydro.es\/pt\/como-contactar-con-nosotros\/","name":"C\u00f3mo contactar con nosotros - Microbe Life Hydroponics EUROPA","isPartOf":{"@id":"https:\/\/microbelifehydro.es\/#website"},"datePublished":"2015-04-15T10:57:41+00:00","dateModified":"2021-01-21T09:54:31+00:00","description":"C\u00f3mo contactar con MICROBE LIFE HYDROPONICS EUROPA, si est\u00e1s interesado\/a en un producto y no encuentras distribuidor, o si quieres trabajar con nosotros.","breadcrumb":{"@id":"https:\/\/microbelifehydro.es\/pt\/como-contactar-con-nosotros\/#breadcrumb"},"inLanguage":"pt-PT","potentialAction":[{"@type":"ReadAction","target":["https:\/\/microbelifehydro.es\/pt\/como-contactar-con-nosotros\/"]}]},{"@type":"BreadcrumbList","@id":"https:\/\/microbelifehydro.es\/pt\/como-contactar-con-nosotros\/#breadcrumb","itemListElement":[{"@type":"ListItem","position":1,"name":"Home","item":"https:\/\/microbelifehydro.es\/"},{"@type":"ListItem","position":2,"name":"Contacto"}]},{"@type":"WebSite","@id":"https:\/\/microbelifehydro.es\/#website","url":"https:\/\/microbelifehydro.es\/","name":"Microbe Life Hydroponics","description":"Tecnolog\u00eda innovadora de crecimiento vegetal","publisher":{"@id":"https:\/\/microbelifehydro.es\/#organization"},"potentialAction":[{"@type":"SearchAction","target":{"@type":"EntryPoint","urlTemplate":"https:\/\/microbelifehydro.es\/?s={search_term_string}"},"query-input":"required name=search_term_string"}],"inLanguage":"pt-PT"},{"@type":"Organization","@id":"https:\/\/microbelifehydro.es\/#organization","name":"Microbe Life Hydroponics - Espa\u00f1a","url":"https:\/\/microbelifehydro.es\/","logo":{"@type":"ImageObject","inLanguage":"pt-PT","@id":"https:\/\/microbelifehydro.es\/#\/schema\/logo\/image\/","url":"http:\/\/microbelifehydro.es\/wp-content\/uploads\/2020\/05\/logo-hidro.png","contentUrl":"http:\/\/microbelifehydro.es\/wp-content\/uploads\/2020\/05\/logo-hidro.png","width":214,"height":150,"caption":"Microbe Life Hydroponics - Espa\u00f1a"},"image":{"@id":"https:\/\/microbelifehydro.es\/#\/schema\/logo\/image\/"}}]}},"_links":{"self":[{"href":"https:\/\/microbelifehydro.es\/pt\/wp-json\/wp\/v2\/pages\/60"}],"collection":[{"href":"https:\/\/microbelifehydro.es\/pt\/wp-json\/wp\/v2\/pages"}],"about":[{"href":"https:\/\/microbelifehydro.es\/pt\/wp-json\/wp\/v2\/types\/page"}],"author":[{"embeddable":true,"href":"https:\/\/microbelifehydro.es\/pt\/wp-json\/wp\/v2\/users\/1"}],"replies":[{"embeddable":true,"href":"https:\/\/microbelifehydro.es\/pt\/wp-json\/wp\/v2\/comments?post=60"}],"version-history":[{"count":42,"href":"https:\/\/microbelifehydro.es\/pt\/wp-json\/wp\/v2\/pages\/60\/revisions"}],"predecessor-version":[{"id":14778,"href":"https:\/\/microbelifehydro.es\/pt\/wp-json\/wp\/v2\/pages\/60\/revisions\/14778"}],"wp:attachment":[{"href":"https:\/\/microbelifehydro.es\/pt\/wp-json\/wp\/v2\/media?parent=60"}],"curies":[{"name":"wp","href":"https:\/\/api.w.org\/{rel}","templated":true}]}}